{"id":51,"date":"2019-01-02T17:40:17","date_gmt":"2019-01-02T15:40:17","guid":{"rendered":"https:\/\/telegram-group.com\/en\/?page_id=51"},"modified":"2019-04-16T13:52:02","modified_gmt":"2019-04-16T10:52:02","slug":"telegram-apps","status":"publish","type":"page","link":"https:\/\/telegram-group.com\/sv\/telegram-apps\/","title":{"rendered":"Telegram Apps"},"content":{"rendered":"<p>[et_pb_section admin_label=&#8221;section&#8221; transparent_background=&#8221;off&#8221; background_color=&#8221;#ffffff&#8221; allow_player_pause=&#8221;off&#8221; inner_shadow=&#8221;off&#8221; parallax=&#8221;off&#8221; parallax_method=&#8221;off&#8221; padding_mobile=&#8221;off&#8221; make_fullwidth=&#8221;off&#8221; use_custom_width=&#8221;off&#8221; width_unit=&#8221;on&#8221; make_equal=&#8221;off&#8221; use_custom_gutter=&#8221;off&#8221; module_class=&#8221;blog1&#8243;][et_pb_row admin_label=&#8221;row&#8221;][et_pb_column type=&#8221;4_4&#8243;][et_pb_text admin_label=&#8221;Text&#8221; background_layout=&#8221;light&#8221; text_orientation=&#8221;left&#8221; use_border_color=&#8221;off&#8221; border_color=&#8221;#ffffff&#8221; border_style=&#8221;solid&#8221;]<\/p>\n<div class=\"padding-right\">\n<div class=\"vc_row wpb_row vc_row-fluid\"><\/div>\n<div class=\"vc_row wpb_row vc_row-fluid\">\n<div class=\"wpb_column vc_column_container vc_col-sm-12\">\n<div class=\"vc_column-inner\">\n<div class=\"wpb_wrapper\">\n<h2 class=\"margin-top-0 margin-bottom-25\">download Telegaram for Android and Iphone:<\/h2>\n<div class=\"wpb_text_column wpb_content_element \">\n<div class=\"wpb_wrapper\">\n<p style=\"direction: ltr; text-align: left;\">Here you can download Telegram app directly to your smartphone!<\/p>\n<p style=\"direction: ltr; text-align: left;\">If you have an Android device, press the Google Play button to download<\/p>\n<p style=\"direction: ltr; text-align: left;\">If you have an iPhone, click the iTunes button to download<\/p>\n<p style=\"direction: ltr; text-align: left;\">There is also a web version and a telegram plus version<\/p>\n<p style=\"direction: ltr; text-align: left;\">* Telegram Plus is an improved version of Telegram.<\/p>\n<\/div>\n<\/div>\n<div class=\"vc_btn3-container vc_btn3-inline\"><a class=\"vc_general vc_btn3 vc_btn3-size-lg vc_btn3-shape-round vc_btn3-style-3d vc_btn3-color-success\" title=\"\" href=\"https:\/\/itunes.apple.com\/us\/app\/telegram-messenger\/id686449807?mt=8\" target=\"_blank\" rel=\"nofollow noopener\">itunes<\/a><\/div>\n<div class=\"vc_btn3-container vc_btn3-inline\"><a class=\"vc_general vc_btn3 vc_btn3-size-lg vc_btn3-shape-round vc_btn3-style-3d vc_btn3-color-success\" title=\"\" href=\"https:\/\/play.google.com\/store\/apps\/details?id=org.telegram.messenger&amp;hl=en\" target=\"_blank\" rel=\"nofollow noopener\">Google Play<\/a><\/div>\n<h2 class=\"margin-top-0 margin-bottom-25\">Telegram for Desktop:<\/h2>\n<\/div>\n<\/div>\n<\/div>\n<\/div>\n<div class=\"vc_row wpb_row vc_row-fluid\">\n<div class=\"wpb_column vc_column_container vc_col-sm-6\">\n<div class=\"vc_column-inner\">\n<div class=\"wpb_wrapper\">\n<div class=\"vc_btn3-container vc_btn3-inline\"><a class=\"vc_general vc_btn3 vc_btn3-size-lg vc_btn3-shape-round vc_btn3-style-3d vc_btn3-color-success\" title=\"\" href=\"https:\/\/desktop.telegram.org\/\" target=\"_blank\" rel=\"nofollow noopener\">Telegram for Desktop<\/a><\/div>\n<div class=\"vc_btn3-container vc_btn3-inline\"><a class=\"vc_general vc_btn3 vc_btn3-size-lg vc_btn3-shape-round vc_btn3-style-3d vc_btn3-color-success\" title=\"\" href=\"https:\/\/web.telegram.org\" target=\"_blank\" rel=\"nofollow noopener\">Telegram WEB<\/a><\/div>\n<\/div>\n<\/div>\n<\/div>\n<div class=\"wpb_column vc_column_container vc_col-sm-6\"><\/div>\n<\/div>\n<div class=\"vc_row wpb_row vc_row-fluid\">\n<div class=\"wpb_column vc_column_container vc_col-sm-6\">\n<div class=\"vc_column-inner\">\n<div class=\"wpb_wrapper\">\n<h2 class=\"margin-top-0 margin-bottom-25\">Telegram plus (Android):<\/h2>\n<div class=\"vc_btn3-container vc_btn3-inline\"><a class=\"vc_general vc_btn3 vc_btn3-size-lg vc_btn3-shape-round vc_btn3-style-3d vc_btn3-color-success\" title=\"\" href=\"https:\/\/play.google.com\/store\/apps\/details?id=org.telegram.plus\" rel=\"nofollow\">Telegram Plus<\/a><\/div>\n<div class=\"vc_separator wpb_content_element vc_separator_align_center vc_sep_width_100 vc_sep_pos_align_center vc_separator_no_text vc_sep_color_grey\"><\/div>\n<\/div>\n<\/div>\n<\/div>\n<div class=\"wpb_column vc_column_container vc_col-sm-6\"><\/div>\n<\/div>\n<div class=\"vc_row wpb_row vc_row-fluid\"><\/div>\n<footer class=\"entry-footer\"><\/footer>\n<p><!-- .entry-footer --><\/p>\n<\/div>\n<p>[\/et_pb_text][\/et_pb_column][\/et_pb_row][et_pb_row admin_label=&#8221;\u05e9\u05d5\u05e8\u05d4&#8221; make_fullwidth=&#8221;off&#8221; use_custom_width=&#8221;off&#8221; width_unit=&#8221;on&#8221; use_custom_gutter=&#8221;off&#8221; padding_mobile=&#8221;off&#8221; allow_player_pause=&#8221;off&#8221; parallax=&#8221;off&#8221; parallax_method=&#8221;off&#8221; make_equal=&#8221;off&#8221; parallax_1=&#8221;off&#8221; parallax_method_1=&#8221;off&#8221; column_padding_mobile=&#8221;on&#8221;][et_pb_column type=&#8221;4_4&#8243;][et_pb_text admin_label=&#8221;\u05d1\u05d0\u05e0\u05e8 2&#8243; background_layout=&#8221;light&#8221; text_orientation=&#8221;right&#8221; use_border_color=&#8221;off&#8221; border_color=&#8221;#ffffff&#8221; border_style=&#8221;solid&#8221;]<\/p>\n<div class='bannerContainer'><div class='banner'><\/div><\/div>\n<p>[\/et_pb_text][\/et_pb_column][\/et_pb_row][\/et_pb_section]<\/p>\n","protected":false},"excerpt":{"rendered":"<p>download Telegaram for Android and Iphone: Here you can download Telegram app directly to your smartphone! If you have an Android device, press the Google Play button to download If you have an iPhone, click the iTunes button to download There is also a web version and a telegram plus version * Telegram Plus is [&hellip;]<\/p>\n","protected":false},"author":1,"featured_media":0,"parent":0,"menu_order":0,"comment_status":"closed","ping_status":"closed","template":"","meta":{"_acf_changed":false,"_yoast_wpseo_title":"Download Telegram App - Telegram Group %%sitename%%","_yoast_wpseo_metadesc":"download Telegaram for Android and Iphone:Here you can download Telegram app directly to your smartphone!If you have an Android device,","_et_pb_use_builder":"on","_et_pb_old_content":"","_et_gb_content_width":"","footnotes":""},"class_list":["post-51","page","type-page","status-publish","hentry"],"acf":[],"yoast_head":"<!-- This site is optimized with the Yoast SEO plugin v27.1.1 - https:\/\/yoast.com\/product\/yoast-seo-wordpress\/ -->\n<title>Download Telegram App - Telegram Group Telegram Group<\/title>\n<meta name=\"description\" content=\"download Telegaram for Android and Iphone:Here you can download Telegram app directly to your smartphone!If you have an Android device,\" \/>\n<meta name=\"robots\" content=\"index, follow, max-snippet:-1, max-image-preview:large, max-video-preview:-1\" \/>\n<link rel=\"canonical\" href=\"https:\/\/telegram-group.com\/sv\/telegram-apps\/\" \/>\n<meta property=\"og:locale\" content=\"sv_SE\" \/>\n<meta property=\"og:type\" content=\"article\" \/>\n<meta property=\"og:title\" content=\"Download Telegram App - Telegram Group Telegram Group\" \/>\n<meta property=\"og:description\" content=\"download Telegaram for Android and Iphone:Here you can download Telegram app directly to your smartphone!If you have an Android device,\" \/>\n<meta property=\"og:url\" content=\"https:\/\/telegram-group.com\/sv\/telegram-apps\/\" \/>\n<meta property=\"og:site_name\" content=\"Telegram Group\" \/>\n<meta property=\"article:modified_time\" content=\"2019-04-16T10:52:02+00:00\" \/>\n<meta name=\"twitter:card\" content=\"summary_large_image\" \/>\n<meta name=\"twitter:label1\" content=\"Ber\u00e4knad l\u00e4stid\" \/>\n\t<meta name=\"twitter:data1\" content=\"1 minut\" \/>\n<script type=\"application\/ld+json\" class=\"yoast-schema-graph\">{\"@context\":\"https:\/\/schema.org\",\"@graph\":[{\"@type\":\"WebPage\",\"@id\":\"https:\/\/telegram-group.com\/sv\/telegram-apps\/\",\"url\":\"https:\/\/telegram-group.com\/sv\/telegram-apps\/\",\"name\":\"Download Telegram App - Telegram Group Telegram Group\",\"isPartOf\":{\"@id\":\"https:\/\/telegram-group.com\/sv\/#website\"},\"datePublished\":\"2019-01-02T15:40:17+00:00\",\"dateModified\":\"2019-04-16T10:52:02+00:00\",\"description\":\"download Telegaram for Android and Iphone:Here you can download Telegram app directly to your smartphone!If you have an Android device,\",\"breadcrumb\":{\"@id\":\"https:\/\/telegram-group.com\/sv\/telegram-apps\/#breadcrumb\"},\"inLanguage\":\"sv-SE\",\"potentialAction\":[{\"@type\":\"ReadAction\",\"target\":[\"https:\/\/telegram-group.com\/sv\/telegram-apps\/\"]}]},{\"@type\":\"BreadcrumbList\",\"@id\":\"https:\/\/telegram-group.com\/sv\/telegram-apps\/#breadcrumb\",\"itemListElement\":[{\"@type\":\"ListItem\",\"position\":1,\"name\":\"Home\",\"item\":\"https:\/\/telegram-group.com\/sv\/\"},{\"@type\":\"ListItem\",\"position\":2,\"name\":\"Telegram Apps\"}]},{\"@type\":\"WebSite\",\"@id\":\"https:\/\/telegram-group.com\/sv\/#website\",\"url\":\"https:\/\/telegram-group.com\/sv\/\",\"name\":\"Telegram Group\",\"description\":\"Telegram Group - V\u00e4rldens st\u00f6rsta Telegram-aggregator! L\u00e4nkar till Telegram-grupper, botar och kanaler, du kan publicera dina egna gratis. Uppdatera dagligen!\",\"potentialAction\":[{\"@type\":\"SearchAction\",\"target\":{\"@type\":\"EntryPoint\",\"urlTemplate\":\"https:\/\/telegram-group.com\/sv\/?s={search_term_string}\"},\"query-input\":{\"@type\":\"PropertyValueSpecification\",\"valueRequired\":true,\"valueName\":\"search_term_string\"}}],\"inLanguage\":\"sv-SE\"}]}<\/script>\n<!-- \/ Yoast SEO plugin. -->","yoast_head_json":{"title":"Download Telegram App - Telegram Group Telegram Group","description":"download Telegaram for Android and Iphone:Here you can download Telegram app directly to your smartphone!If you have an Android device,","robots":{"index":"index","follow":"follow","max-snippet":"max-snippet:-1","max-image-preview":"max-image-preview:large","max-video-preview":"max-video-preview:-1"},"canonical":"https:\/\/telegram-group.com\/sv\/telegram-apps\/","og_locale":"sv_SE","og_type":"article","og_title":"Download Telegram App - Telegram Group Telegram Group","og_description":"download Telegaram for Android and Iphone:Here you can download Telegram app directly to your smartphone!If you have an Android device,","og_url":"https:\/\/telegram-group.com\/sv\/telegram-apps\/","og_site_name":"Telegram Group","article_modified_time":"2019-04-16T10:52:02+00:00","twitter_card":"summary_large_image","twitter_misc":{"Ber\u00e4knad l\u00e4stid":"1 minut"},"schema":{"@context":"https:\/\/schema.org","@graph":[{"@type":"WebPage","@id":"https:\/\/telegram-group.com\/sv\/telegram-apps\/","url":"https:\/\/telegram-group.com\/sv\/telegram-apps\/","name":"Download Telegram App - Telegram Group Telegram Group","isPartOf":{"@id":"https:\/\/telegram-group.com\/sv\/#website"},"datePublished":"2019-01-02T15:40:17+00:00","dateModified":"2019-04-16T10:52:02+00:00","description":"download Telegaram for Android and Iphone:Here you can download Telegram app directly to your smartphone!If you have an Android device,","breadcrumb":{"@id":"https:\/\/telegram-group.com\/sv\/telegram-apps\/#breadcrumb"},"inLanguage":"sv-SE","potentialAction":[{"@type":"ReadAction","target":["https:\/\/telegram-group.com\/sv\/telegram-apps\/"]}]},{"@type":"BreadcrumbList","@id":"https:\/\/telegram-group.com\/sv\/telegram-apps\/#breadcrumb","itemListElement":[{"@type":"ListItem","position":1,"name":"Home","item":"https:\/\/telegram-group.com\/sv\/"},{"@type":"ListItem","position":2,"name":"Telegram Apps"}]},{"@type":"WebSite","@id":"https:\/\/telegram-group.com\/sv\/#website","url":"https:\/\/telegram-group.com\/sv\/","name":"Telegram Group","description":"Telegram Group - V\u00e4rldens st\u00f6rsta Telegram-aggregator! L\u00e4nkar till Telegram-grupper, botar och kanaler, du kan publicera dina egna gratis. Uppdatera dagligen!","potentialAction":[{"@type":"SearchAction","target":{"@type":"EntryPoint","urlTemplate":"https:\/\/telegram-group.com\/sv\/?s={search_term_string}"},"query-input":{"@type":"PropertyValueSpecification","valueRequired":true,"valueName":"search_term_string"}}],"inLanguage":"sv-SE"}]}},"_links":{"self":[{"href":"https:\/\/telegram-group.com\/sv\/wp-json\/wp\/v2\/pages\/51","targetHints":{"allow":["GET"]}}],"collection":[{"href":"https:\/\/telegram-group.com\/sv\/wp-json\/wp\/v2\/pages"}],"about":[{"href":"https:\/\/telegram-group.com\/sv\/wp-json\/wp\/v2\/types\/page"}],"author":[{"embeddable":true,"href":"https:\/\/telegram-group.com\/sv\/wp-json\/wp\/v2\/users\/1"}],"replies":[{"embeddable":true,"href":"https:\/\/telegram-group.com\/sv\/wp-json\/wp\/v2\/comments?post=51"}],"version-history":[{"count":0,"href":"https:\/\/telegram-group.com\/sv\/wp-json\/wp\/v2\/pages\/51\/revisions"}],"wp:attachment":[{"href":"https:\/\/telegram-group.com\/sv\/wp-json\/wp\/v2\/media?parent=51"}],"curies":[{"name":"wp","href":"https:\/\/api.w.org\/{rel}","templated":true}]}}