{"id":47,"date":"2019-01-02T17:39:36","date_gmt":"2019-01-02T15:39:36","guid":{"rendered":"https:\/\/telegram-group.com\/en\/?page_id=47"},"modified":"2019-06-20T10:40:27","modified_gmt":"2019-06-20T07:40:27","slug":"publish","status":"publish","type":"page","link":"https:\/\/telegram-group.com\/sv\/publish\/","title":{"rendered":"publish"},"content":{"rendered":"<p>[et_pb_section admin_label=&#8221;Section&#8221; fullwidth=&#8221;off&#8221; specialty=&#8221;off&#8221; transparent_background=&#8221;off&#8221; background_color=&#8221;#ffffff&#8221; allow_player_pause=&#8221;off&#8221; inner_shadow=&#8221;off&#8221; parallax=&#8221;off&#8221; parallax_method=&#8221;off&#8221; padding_mobile=&#8221;off&#8221; make_fullwidth=&#8221;off&#8221; use_custom_width=&#8221;off&#8221; width_unit=&#8221;on&#8221; make_equal=&#8221;off&#8221; use_custom_gutter=&#8221;off&#8221; module_id=&#8221;mainSection&#8221; module_class=&#8221;blog1&#8243;][et_pb_row admin_label=&#8221;\u05e9\u05d5\u05e8\u05d4&#8221;][et_pb_column type=&#8221;4_4&#8243;][et_pb_text admin_label=&#8221;\u05d8\u05e7\u05e1\u05d8&#8221; background_layout=&#8221;light&#8221; text_orientation=&#8221;right&#8221; use_border_color=&#8221;off&#8221; border_color=&#8221;#ffffff&#8221; border_style=&#8221;solid&#8221;] \n<div class=\"wpcf7 no-js\" id=\"wpcf7-f5-o1\" lang=\"en-US\" dir=\"ltr\" data-wpcf7-id=\"5\">\n<div class=\"screen-reader-response\"><p role=\"status\" aria-live=\"polite\" aria-atomic=\"true\"><\/p> <ul><\/ul><\/div>\n<form action=\"\/sv\/wp-json\/wp\/v2\/pages\/47#wpcf7-f5-o1\" method=\"post\" class=\"wpcf7-form init\" aria-label=\"Contact form\" novalidate=\"novalidate\" data-status=\"init\">\n<fieldset class=\"hidden-fields-container\"><input type=\"hidden\" name=\"_wpcf7\" value=\"5\" \/><input type=\"hidden\" name=\"_wpcf7_version\" value=\"6.1.5\" \/><input type=\"hidden\" name=\"_wpcf7_locale\" value=\"en_US\" \/><input type=\"hidden\" name=\"_wpcf7_unit_tag\" value=\"wpcf7-f5-o1\" \/><input type=\"hidden\" name=\"_wpcf7_container_post\" value=\"0\" \/><input type=\"hidden\" name=\"_wpcf7_posted_data_hash\" value=\"\" \/>\n<\/fieldset>\n<p>Name (*)\n<\/p>\n<p><span class=\"wpcf7-form-control-wrap\" data-name=\"name\"><input size=\"40\" maxlength=\"400\" class=\"wpcf7-form-control wpcf7-text wpcf7-validates-as-required\" aria-required=\"true\" aria-invalid=\"false\" value=\"\" type=\"text\" name=\"name\" \/><\/span>\n<\/p>\n<p>Location\n<\/p>\n<p><span class=\"wpcf7-form-control-wrap\" data-name=\"location\"><input size=\"40\" maxlength=\"400\" class=\"wpcf7-form-control wpcf7-text\" aria-invalid=\"false\" value=\"Example: New York\" type=\"text\" name=\"location\" \/><\/span>\n<\/p>\n<p>Category (*)\n<\/p>\n<p><span class=\"wpcf7-form-control-wrap\" data-name=\"plugin-list\"><select class=\"wpcf7-form-control wpcf7-select wpcf7-validates-as-required\" aria-required=\"true\" aria-invalid=\"false\" multiple=\"multiple\" name=\"plugin-list[]\"><option value=\"1544\">Advokat<\/option><option value=\"1467\">Advokat, datorer &amp; Gadget, konsumtion \/ Shopping<\/option><option value=\"1605\">Aff\u00e4rer<\/option><option value=\"1501\">Aff\u00e4rer, ekonomi \/ Finansiella \/ Aktier<\/option><option value=\"1494\">Aff\u00e4rer, hj\u00e4lp, internet<\/option><option value=\"1529\">Aff\u00e4rer, internet<\/option><option value=\"1466\">Aff\u00e4rer, kryptovaluta<\/option><option value=\"1547\">Aff\u00e4rer, kryptovaluta, ekonomi \/ Finansiellt \/ Aktier, jobb, tj\u00e4nster<\/option><option value=\"1558\">Aff\u00e4rer, kryptovaluta, internet, tj\u00e4nster, sociala medier, mjukvara\/hacker<\/option><option value=\"1513\">Aff\u00e4rer, l\u00e4nder<\/option><option value=\"1575\">Aff\u00e4rer, tj\u00e4nster<\/option><option value=\"1472\">allm\u00e4n<\/option><option value=\"1601\">allm\u00e4nt<\/option><option value=\"1489\">allm\u00e4nt, hj\u00e4lp<\/option><option value=\"1561\">allm\u00e4nt, hj\u00e4lp, internet, jobb, tj\u00e4nster, sociala medier, programvara \/ hackare<\/option><option value=\"1480\">allm\u00e4nt, hj\u00e4lp, resor<\/option><option value=\"1476\">allm\u00e4nt, internet<\/option><option value=\"1493\">allm\u00e4nt, nyheter<\/option><option value=\"1459\">allm\u00e4nt, studier<\/option><option value=\"1618\">Artister<\/option><option value=\"1580\">Artister, filmer &amp; TV-program<\/option><option value=\"1590\">Artister, musik<\/option><option value=\"36\">Attorney<\/option><option value=\"1520\">bilar och bilar<\/option><option value=\"1526\">bilar och bilar, resor<\/option><option value=\"1\">Blog<\/option><option value=\"1479\">Blogg<\/option><option value=\"1571\">Blogg, bloggnyheter<\/option><option value=\"1584\">Blogg, bloggnyheter, b\u00f6cker, fans, allm\u00e4nt, h\u00e4lsa, hj\u00e4lp, internet, nyheter, religion, tj\u00e4nster, sociala medier, studier<\/option><option value=\"1570\">Blogg, uppdateringar<\/option><option value=\"1592\">Bloggnyheter<\/option><option value=\"1587\">Bloggnyheter, b\u00f6cker, f\u00f6retag, ekonomi \/ finansiellt \/ aktie, sociala medier, studier, youtube och videor<\/option><option value=\"1597\">Bloggnyheter, uppdateringar<\/option><option value=\"1534\">b\u00f6cker<\/option><option value=\"1585\">b\u00f6cker, Business, datorer &amp; Gadget, kryptovaluta, ekonomi \/ Finansiellt \/ Aktier, Elektronik \/ Teknik, internet, Sociala medier, Programvara \/ hackare, Studier, youtube&amp;videor<\/option><option value=\"1586\">b\u00f6cker, Business, ekonomi \/ Finansiellt \/ Aktier, allm\u00e4nt, hj\u00e4lp, religion, studier<\/option><option value=\"1572\">b\u00f6cker, familj, studier<\/option><option value=\"1538\">b\u00f6cker, hj\u00e4lp<\/option><option value=\"1550\">b\u00f6cker, studier<\/option><option value=\"1615\">Business<\/option><option value=\"1620\">California<\/option><option value=\"1602\">datorer &amp; Gadget<\/option><option value=\"1525\">datorer &amp; Gadget, Elektronik \/ Teknik<\/option><option value=\"1563\">datorer &amp; Gadget, Elektronik \/ Teknik, internet, nyheter, Programvara \/ hackare<\/option><option value=\"1492\">datorer &amp; Gadget, Elektronik \/ Teknik, Programvara \/ hackare<\/option><option value=\"1552\">datorer &amp; Gadget, Elektronik \/ Teknik, Spel, Programvara \/ hackare<\/option><option value=\"1573\">datorer &amp; Gadget, Elektronik \/ Teknik, tj\u00e4nster, Studier<\/option><option value=\"1537\">datorer &amp; Gadget, elektronik\/teknik, internet, nyheter, programvara\/hackers, youtube&amp;videor<\/option><option value=\"1548\">datorer &amp; Gadget, internet<\/option><option value=\"1582\">datorer &amp; Gadget, internet, filmer &amp; TV-program, sociala medier, sport<\/option><\/select><\/span>\n<\/p>\n<p>Description (*)\n<\/p>\n<p><span class=\"wpcf7-form-control-wrap\" data-name=\"message\"><textarea cols=\"40\" rows=\"10\" maxlength=\"2000\" class=\"wpcf7-form-control wpcf7-textarea wpcf7-validates-as-required\" aria-required=\"true\" aria-invalid=\"false\" name=\"message\"><\/textarea><\/span>\n<\/p>\n<p>Link to Group\n<\/p>\n<p><span class=\"wpcf7-form-control-wrap\" data-name=\"groupUrl\"><input size=\"40\" maxlength=\"400\" class=\"wpcf7-form-control wpcf7-text\" aria-invalid=\"false\" value=\"\" type=\"text\" name=\"groupUrl\" \/><\/span>\n<\/p>\n<p>Link to Channel\n<\/p>\n<p><span class=\"wpcf7-form-control-wrap\" data-name=\"channelUrl\"><input size=\"40\" maxlength=\"400\" class=\"wpcf7-form-control wpcf7-text\" aria-invalid=\"false\" value=\"\" type=\"text\" name=\"channelUrl\" \/><\/span>\n<\/p>\n<p>Link to Bot\n<\/p>\n<p><span class=\"wpcf7-form-control-wrap\" data-name=\"botUrl\"><input size=\"40\" maxlength=\"400\" class=\"wpcf7-form-control wpcf7-text\" aria-invalid=\"false\" value=\"\" type=\"text\" name=\"botUrl\" \/><\/span>\n<\/p>\n<p><input class=\"wpcf7-form-control wpcf7-submit has-spinner\" type=\"submit\" value=\"Submit\" \/>\n<\/p><p style=\"display: none !important;\" class=\"akismet-fields-container\" data-prefix=\"_wpcf7_ak_\"><label>&#916;<textarea name=\"_wpcf7_ak_hp_textarea\" cols=\"45\" rows=\"8\" maxlength=\"100\"><\/textarea><\/label><input type=\"hidden\" id=\"ak_js_1\" name=\"_wpcf7_ak_js\" value=\"139\"\/><script>document.getElementById( \"ak_js_1\" ).setAttribute( \"value\", ( new Date() ).getTime() );<\/script><\/p><div class=\"wpcf7-response-output\" aria-hidden=\"true\"><\/div>\n<\/form>\n<\/div>\n [\/et_pb_text][\/et_pb_column][\/et_pb_row][et_pb_row admin_label=&#8221;\u05e9\u05d5\u05e8\u05d4&#8221; make_fullwidth=&#8221;off&#8221; use_custom_width=&#8221;off&#8221; width_unit=&#8221;on&#8221; use_custom_gutter=&#8221;off&#8221; padding_mobile=&#8221;off&#8221; allow_player_pause=&#8221;off&#8221; parallax=&#8221;off&#8221; parallax_method=&#8221;off&#8221; make_equal=&#8221;off&#8221; parallax_1=&#8221;off&#8221; parallax_method_1=&#8221;off&#8221; column_padding_mobile=&#8221;on&#8221;][et_pb_column type=&#8221;4_4&#8243;][et_pb_code admin_label=&#8221;Code&#8221;][bws_google_captcha][\/et_pb_code][\/et_pb_column][\/et_pb_row][et_pb_row admin_label=&#8221;\u05e9\u05d5\u05e8\u05d4&#8221; make_fullwidth=&#8221;off&#8221; use_custom_width=&#8221;off&#8221; width_unit=&#8221;on&#8221; use_custom_gutter=&#8221;off&#8221; padding_mobile=&#8221;off&#8221; allow_player_pause=&#8221;off&#8221; parallax=&#8221;off&#8221; parallax_method=&#8221;off&#8221; make_equal=&#8221;off&#8221; parallax_1=&#8221;off&#8221; parallax_method_1=&#8221;off&#8221; column_padding_mobile=&#8221;on&#8221;][et_pb_column type=&#8221;4_4&#8243;][et_pb_text admin_label=&#8221;\u05d1\u05d0\u05e0\u05e8 2&#8243; background_layout=&#8221;light&#8221; text_orientation=&#8221;right&#8221; use_border_color=&#8221;off&#8221; border_color=&#8221;#ffffff&#8221; border_style=&#8221;solid&#8221;] <div class='bannerContainer'><div class='banner'><\/div><\/div> [\/et_pb_text][\/et_pb_column][\/et_pb_row][\/et_pb_section]<\/p>\n","protected":false},"excerpt":{"rendered":"<p>\n<div class=\"wpcf7 no-js\" id=\"wpcf7-f5-o2\" lang=\"en-US\" dir=\"ltr\" data-wpcf7-id=\"5\">\n<div class=\"screen-reader-response\"><p role=\"status\" aria-live=\"polite\" aria-atomic=\"true\"><\/p> <ul><\/ul><\/div>\n<form action=\"\/sv\/wp-json\/wp\/v2\/pages\/47#wpcf7-f5-o2\" method=\"post\" class=\"wpcf7-form init\" aria-label=\"Contact form\" novalidate=\"novalidate\" data-status=\"init\">\n<fieldset class=\"hidden-fields-container\"><input type=\"hidden\" name=\"_wpcf7\" value=\"5\" \/><input type=\"hidden\" name=\"_wpcf7_version\" value=\"6.1.5\" \/><input type=\"hidden\" name=\"_wpcf7_locale\" value=\"en_US\" \/><input type=\"hidden\" name=\"_wpcf7_unit_tag\" value=\"wpcf7-f5-o2\" \/><input type=\"hidden\" name=\"_wpcf7_container_post\" value=\"0\" \/><input type=\"hidden\" name=\"_wpcf7_posted_data_hash\" value=\"\" \/>\n<\/fieldset>\n<p>Name (*)\n<\/p>\n<p><span class=\"wpcf7-form-control-wrap\" data-name=\"name\"><input size=\"40\" maxlength=\"400\" class=\"wpcf7-form-control wpcf7-text wpcf7-validates-as-required\" aria-required=\"true\" aria-invalid=\"false\" value=\"\" type=\"text\" name=\"name\" \/><\/span>\n<\/p>\n<p>Location\n<\/p>\n<p><span class=\"wpcf7-form-control-wrap\" data-name=\"location\"><input size=\"40\" maxlength=\"400\" class=\"wpcf7-form-control wpcf7-text\" aria-invalid=\"false\" value=\"Example: New York\" type=\"text\" name=\"location\" \/><\/span>\n<\/p>\n<p>Category (*)\n<\/p>\n<p><span class=\"wpcf7-form-control-wrap\" data-name=\"plugin-list\"><select class=\"wpcf7-form-control wpcf7-select wpcf7-validates-as-required\" aria-required=\"true\" aria-invalid=\"false\" multiple=\"multiple\" name=\"plugin-list[]\"><option value=\"1544\">Advokat<\/option><option value=\"1467\">Advokat, datorer &amp; Gadget, konsumtion \/ Shopping<\/option><option value=\"1605\">Aff\u00e4rer<\/option><option value=\"1501\">Aff\u00e4rer, ekonomi \/ Finansiella \/ Aktier<\/option><option value=\"1494\">Aff\u00e4rer, hj\u00e4lp, internet<\/option><option value=\"1529\">Aff\u00e4rer, internet<\/option><option value=\"1466\">Aff\u00e4rer, kryptovaluta<\/option><option value=\"1547\">Aff\u00e4rer, kryptovaluta, ekonomi \/ Finansiellt \/ Aktier, jobb, tj\u00e4nster<\/option><option value=\"1558\">Aff\u00e4rer, kryptovaluta, internet, tj\u00e4nster, sociala medier, mjukvara\/hacker<\/option><option value=\"1513\">Aff\u00e4rer, l\u00e4nder<\/option><option value=\"1575\">Aff\u00e4rer, tj\u00e4nster<\/option><option value=\"1472\">allm\u00e4n<\/option><option value=\"1601\">allm\u00e4nt<\/option><option value=\"1489\">allm\u00e4nt, hj\u00e4lp<\/option><option value=\"1561\">allm\u00e4nt, hj\u00e4lp, internet, jobb, tj\u00e4nster, sociala medier, programvara \/ hackare<\/option><option value=\"1480\">allm\u00e4nt, hj\u00e4lp, resor<\/option><option value=\"1476\">allm\u00e4nt, internet<\/option><option value=\"1493\">allm\u00e4nt, nyheter<\/option><option value=\"1459\">allm\u00e4nt, studier<\/option><option value=\"1618\">Artister<\/option><option value=\"1580\">Artister, filmer &amp; TV-program<\/option><option value=\"1590\">Artister, musik<\/option><option value=\"36\">Attorney<\/option><option value=\"1520\">bilar och bilar<\/option><option value=\"1526\">bilar och bilar, resor<\/option><option value=\"1\">Blog<\/option><option value=\"1479\">Blogg<\/option><option value=\"1571\">Blogg, bloggnyheter<\/option><option value=\"1584\">Blogg, bloggnyheter, b\u00f6cker, fans, allm\u00e4nt, h\u00e4lsa, hj\u00e4lp, internet, nyheter, religion, tj\u00e4nster, sociala medier, studier<\/option><option value=\"1570\">Blogg, uppdateringar<\/option><option value=\"1592\">Bloggnyheter<\/option><option value=\"1587\">Bloggnyheter, b\u00f6cker, f\u00f6retag, ekonomi \/ finansiellt \/ aktie, sociala medier, studier, youtube och videor<\/option><option value=\"1597\">Bloggnyheter, uppdateringar<\/option><option value=\"1534\">b\u00f6cker<\/option><option value=\"1585\">b\u00f6cker, Business, datorer &amp; Gadget, kryptovaluta, ekonomi \/ Finansiellt \/ Aktier, Elektronik \/ Teknik, internet, Sociala medier, Programvara \/ hackare, Studier, youtube&amp;videor<\/option><option value=\"1586\">b\u00f6cker, Business, ekonomi \/ Finansiellt \/ Aktier, allm\u00e4nt, hj\u00e4lp, religion, studier<\/option><option value=\"1572\">b\u00f6cker, familj, studier<\/option><option value=\"1538\">b\u00f6cker, hj\u00e4lp<\/option><option value=\"1550\">b\u00f6cker, studier<\/option><option value=\"1615\">Business<\/option><option value=\"1620\">California<\/option><option value=\"1602\">datorer &amp; Gadget<\/option><option value=\"1525\">datorer &amp; Gadget, Elektronik \/ Teknik<\/option><option value=\"1563\">datorer &amp; Gadget, Elektronik \/ Teknik, internet, nyheter, Programvara \/ hackare<\/option><option value=\"1492\">datorer &amp; Gadget, Elektronik \/ Teknik, Programvara \/ hackare<\/option><option value=\"1552\">datorer &amp; Gadget, Elektronik \/ Teknik, Spel, Programvara \/ hackare<\/option><option value=\"1573\">datorer &amp; Gadget, Elektronik \/ Teknik, tj\u00e4nster, Studier<\/option><option value=\"1537\">datorer &amp; Gadget, elektronik\/teknik, internet, nyheter, programvara\/hackers, youtube&amp;videor<\/option><option value=\"1548\">datorer &amp; Gadget, internet<\/option><option value=\"1582\">datorer &amp; Gadget, internet, filmer &amp; TV-program, sociala medier, sport<\/option><\/select><\/span>\n<\/p>\n<p>Description (*)\n<\/p>\n<p><span class=\"wpcf7-form-control-wrap\" data-name=\"message\"><textarea cols=\"40\" rows=\"10\" maxlength=\"2000\" class=\"wpcf7-form-control wpcf7-textarea wpcf7-validates-as-required\" aria-required=\"true\" aria-invalid=\"false\" name=\"message\"><\/textarea><\/span>\n<\/p>\n<p>Link to Group\n<\/p>\n<p><span class=\"wpcf7-form-control-wrap\" data-name=\"groupUrl\"><input size=\"40\" maxlength=\"400\" class=\"wpcf7-form-control wpcf7-text\" aria-invalid=\"false\" value=\"\" type=\"text\" name=\"groupUrl\" \/><\/span>\n<\/p>\n<p>Link to Channel\n<\/p>\n<p><span class=\"wpcf7-form-control-wrap\" data-name=\"channelUrl\"><input size=\"40\" maxlength=\"400\" class=\"wpcf7-form-control wpcf7-text\" aria-invalid=\"false\" value=\"\" type=\"text\" name=\"channelUrl\" \/><\/span>\n<\/p>\n<p>Link to Bot\n<\/p>\n<p><span class=\"wpcf7-form-control-wrap\" data-name=\"botUrl\"><input size=\"40\" maxlength=\"400\" class=\"wpcf7-form-control wpcf7-text\" aria-invalid=\"false\" value=\"\" type=\"text\" name=\"botUrl\" \/><\/span>\n<\/p>\n<p><input class=\"wpcf7-form-control wpcf7-submit has-spinner\" type=\"submit\" value=\"Submit\" \/>\n<\/p><p style=\"display: none !important;\" class=\"akismet-fields-container\" data-prefix=\"_wpcf7_ak_\"><label>&#916;<textarea name=\"_wpcf7_ak_hp_textarea\" cols=\"45\" rows=\"8\" maxlength=\"100\"><\/textarea><\/label><input type=\"hidden\" id=\"ak_js_2\" name=\"_wpcf7_ak_js\" value=\"63\"\/><script>document.getElementById( \"ak_js_2\" ).setAttribute( \"value\", ( new Date() ).getTime() );<\/script><\/p><div class=\"wpcf7-response-output\" aria-hidden=\"true\"><\/div>\n<\/form>\n<\/div>\n [bws_google_captcha] <div class='bannerContainer'><div class='banner'><\/div><\/div><\/p>\n","protected":false},"author":1,"featured_media":0,"parent":0,"menu_order":0,"comment_status":"closed","ping_status":"closed","template":"","meta":{"_acf_changed":false,"_yoast_wpseo_title":"","_yoast_wpseo_metadesc":"","_et_pb_use_builder":"on","_et_pb_old_content":"","_et_gb_content_width":"","footnotes":""},"class_list":["post-47","page","type-page","status-publish","hentry"],"acf":[],"yoast_head":"<!-- This site is optimized with the Yoast SEO plugin v27.1.1 - https:\/\/yoast.com\/product\/yoast-seo-wordpress\/ -->\n<title>publish - Telegram Group<\/title>\n<meta name=\"robots\" content=\"index, follow, max-snippet:-1, max-image-preview:large, max-video-preview:-1\" \/>\n<link rel=\"canonical\" href=\"https:\/\/telegram-group.com\/sv\/publish\/\" \/>\n<meta property=\"og:locale\" content=\"sv_SE\" \/>\n<meta property=\"og:type\" content=\"article\" \/>\n<meta property=\"og:title\" content=\"publish - Telegram Group\" \/>\n<meta property=\"og:description\" content=\"[bws_google_captcha]\" \/>\n<meta property=\"og:url\" content=\"https:\/\/telegram-group.com\/sv\/publish\/\" \/>\n<meta property=\"og:site_name\" content=\"Telegram Group\" \/>\n<meta property=\"article:modified_time\" content=\"2019-06-20T07:40:27+00:00\" \/>\n<meta name=\"twitter:card\" content=\"summary_large_image\" \/>\n<meta name=\"twitter:label1\" content=\"Ber\u00e4knad l\u00e4stid\" \/>\n\t<meta name=\"twitter:data1\" content=\"1 minut\" \/>\n<script type=\"application\/ld+json\" class=\"yoast-schema-graph\">{\"@context\":\"https:\/\/schema.org\",\"@graph\":[{\"@type\":\"WebPage\",\"@id\":\"https:\/\/telegram-group.com\/sv\/publish\/\",\"url\":\"https:\/\/telegram-group.com\/sv\/publish\/\",\"name\":\"publish - Telegram Group\",\"isPartOf\":{\"@id\":\"https:\/\/telegram-group.com\/sv\/#website\"},\"datePublished\":\"2019-01-02T15:39:36+00:00\",\"dateModified\":\"2019-06-20T07:40:27+00:00\",\"breadcrumb\":{\"@id\":\"https:\/\/telegram-group.com\/sv\/publish\/#breadcrumb\"},\"inLanguage\":\"sv-SE\",\"potentialAction\":[{\"@type\":\"ReadAction\",\"target\":[\"https:\/\/telegram-group.com\/sv\/publish\/\"]}]},{\"@type\":\"BreadcrumbList\",\"@id\":\"https:\/\/telegram-group.com\/sv\/publish\/#breadcrumb\",\"itemListElement\":[{\"@type\":\"ListItem\",\"position\":1,\"name\":\"Home\",\"item\":\"https:\/\/telegram-group.com\/sv\/\"},{\"@type\":\"ListItem\",\"position\":2,\"name\":\"publish\"}]},{\"@type\":\"WebSite\",\"@id\":\"https:\/\/telegram-group.com\/sv\/#website\",\"url\":\"https:\/\/telegram-group.com\/sv\/\",\"name\":\"Telegram Group\",\"description\":\"Telegram Group - V\u00e4rldens st\u00f6rsta Telegram-aggregator! L\u00e4nkar till Telegram-grupper, botar och kanaler, du kan publicera dina egna gratis. Uppdatera dagligen!\",\"potentialAction\":[{\"@type\":\"SearchAction\",\"target\":{\"@type\":\"EntryPoint\",\"urlTemplate\":\"https:\/\/telegram-group.com\/sv\/?s={search_term_string}\"},\"query-input\":{\"@type\":\"PropertyValueSpecification\",\"valueRequired\":true,\"valueName\":\"search_term_string\"}}],\"inLanguage\":\"sv-SE\"}]}<\/script>\n<!-- \/ Yoast SEO plugin. -->","yoast_head_json":{"title":"publish - Telegram Group","robots":{"index":"index","follow":"follow","max-snippet":"max-snippet:-1","max-image-preview":"max-image-preview:large","max-video-preview":"max-video-preview:-1"},"canonical":"https:\/\/telegram-group.com\/sv\/publish\/","og_locale":"sv_SE","og_type":"article","og_title":"publish - Telegram Group","og_description":"[bws_google_captcha]","og_url":"https:\/\/telegram-group.com\/sv\/publish\/","og_site_name":"Telegram Group","article_modified_time":"2019-06-20T07:40:27+00:00","twitter_card":"summary_large_image","twitter_misc":{"Ber\u00e4knad l\u00e4stid":"1 minut"},"schema":{"@context":"https:\/\/schema.org","@graph":[{"@type":"WebPage","@id":"https:\/\/telegram-group.com\/sv\/publish\/","url":"https:\/\/telegram-group.com\/sv\/publish\/","name":"publish - Telegram Group","isPartOf":{"@id":"https:\/\/telegram-group.com\/sv\/#website"},"datePublished":"2019-01-02T15:39:36+00:00","dateModified":"2019-06-20T07:40:27+00:00","breadcrumb":{"@id":"https:\/\/telegram-group.com\/sv\/publish\/#breadcrumb"},"inLanguage":"sv-SE","potentialAction":[{"@type":"ReadAction","target":["https:\/\/telegram-group.com\/sv\/publish\/"]}]},{"@type":"BreadcrumbList","@id":"https:\/\/telegram-group.com\/sv\/publish\/#breadcrumb","itemListElement":[{"@type":"ListItem","position":1,"name":"Home","item":"https:\/\/telegram-group.com\/sv\/"},{"@type":"ListItem","position":2,"name":"publish"}]},{"@type":"WebSite","@id":"https:\/\/telegram-group.com\/sv\/#website","url":"https:\/\/telegram-group.com\/sv\/","name":"Telegram Group","description":"Telegram Group - V\u00e4rldens st\u00f6rsta Telegram-aggregator! L\u00e4nkar till Telegram-grupper, botar och kanaler, du kan publicera dina egna gratis. Uppdatera dagligen!","potentialAction":[{"@type":"SearchAction","target":{"@type":"EntryPoint","urlTemplate":"https:\/\/telegram-group.com\/sv\/?s={search_term_string}"},"query-input":{"@type":"PropertyValueSpecification","valueRequired":true,"valueName":"search_term_string"}}],"inLanguage":"sv-SE"}]}},"_links":{"self":[{"href":"https:\/\/telegram-group.com\/sv\/wp-json\/wp\/v2\/pages\/47","targetHints":{"allow":["GET"]}}],"collection":[{"href":"https:\/\/telegram-group.com\/sv\/wp-json\/wp\/v2\/pages"}],"about":[{"href":"https:\/\/telegram-group.com\/sv\/wp-json\/wp\/v2\/types\/page"}],"author":[{"embeddable":true,"href":"https:\/\/telegram-group.com\/sv\/wp-json\/wp\/v2\/users\/1"}],"replies":[{"embeddable":true,"href":"https:\/\/telegram-group.com\/sv\/wp-json\/wp\/v2\/comments?post=47"}],"version-history":[{"count":0,"href":"https:\/\/telegram-group.com\/sv\/wp-json\/wp\/v2\/pages\/47\/revisions"}],"wp:attachment":[{"href":"https:\/\/telegram-group.com\/sv\/wp-json\/wp\/v2\/media?parent=47"}],"curies":[{"name":"wp","href":"https:\/\/api.w.org\/{rel}","templated":true}]}}