{"id":112,"date":"2019-02-07T13:18:47","date_gmt":"2019-02-07T11:18:47","guid":{"rendered":"https:\/\/telegram-group.com\/de\/?page_id=112"},"modified":"2019-04-16T13:48:52","modified_gmt":"2019-04-16T10:48:52","slug":"telegram-messenger","status":"publish","type":"page","link":"https:\/\/telegram-group.com\/de\/telegram-messenger\/","title":{"rendered":"Telegram Messenger"},"content":{"rendered":"<p>[et_pb_section admin_label=&#8220;section&#8220; transparent_background=&#8220;off&#8220; background_color=&#8220;#ffffff&#8220; allow_player_pause=&#8220;off&#8220; inner_shadow=&#8220;off&#8220; parallax=&#8220;off&#8220; parallax_method=&#8220;off&#8220; padding_mobile=&#8220;off&#8220; make_fullwidth=&#8220;off&#8220; use_custom_width=&#8220;off&#8220; width_unit=&#8220;on&#8220; make_equal=&#8220;off&#8220; use_custom_gutter=&#8220;off&#8220; module_class=&#8220;blog1&#8243;][et_pb_row admin_label=&#8220;row&#8220;][et_pb_column type=&#8220;4_4&#8243;][et_pb_text admin_label=&#8220;Text&#8220; background_layout=&#8220;light&#8220; text_orientation=&#8220;left&#8220; use_border_color=&#8220;off&#8220; border_color=&#8220;#ffffff&#8220; border_style=&#8220;solid&#8220;]<\/p>\n<div class=\"padding-right\">\n<div class=\"vc_row wpb_row vc_row-fluid\">\n<div class=\"wpb_column vc_column_container vc_col-sm-12\">\n<div class=\"vc_column-inner\">\n<div class=\"wpb_wrapper\">\n<h2 class=\"margin-top-0 margin-bottom-25\">Die Telegram Messenger zum kostenlosen Download bei Android<\/h2>\n<\/div>\n<\/div>\n<\/div>\n<div class=\"wpb_column vc_column_container vc_col-sm-12\">\n<div class=\"vc_column-inner\">\n<div class=\"wpb_wrapper\">\n<div class=\"wpb_text_column wpb_content_element \">\n<div class=\"wpb_wrapper\">\n<p>Hier k\u00f6nnen Sie die Telegram Messenger APP direkt auf Ihr Smartphone herunterladen!<\/p>\n<p>Wenn Sie ein Endoride-Ger\u00e4t haben, dr\u00fccken Sie die Google Play-Taste zum Herunterladen.<\/p>\n<p>Wenn Sie ein iPhone haben, klicken Sie zum Herunterladen auf die Schaltfl\u00e4che iTunes.<\/p>\n<p>Zus\u00e4tzlich gibt es eine Web-Version und ein Telegramm plus Version.<\/p>\n<p>* Telegram Plus ist eine erweiterte Version des Telegramms.<\/p>\n<\/div>\n<\/div>\n<\/div>\n<\/div>\n<\/div>\n<div class=\"wpb_column vc_column_container vc_col-sm-6\">\n<div class=\"vc_column-inner\">\n<div class=\"wpb_wrapper\">\n<div class=\"vc_btn3-container vc_btn3-inline\"><a class=\"vc_general vc_btn3 vc_btn3-size-lg vc_btn3-shape-round vc_btn3-style-3d vc_btn3-color-success\" title=\"\" href=\"https:\/\/itunes.apple.com\/us\/app\/telegram-messenger\/id686449807?mt=8\" target=\"_blank\" rel=\"nofollow noopener\">itunes<\/a><\/div>\n<div class=\"vc_btn3-container vc_btn3-inline\"><a class=\"vc_general vc_btn3 vc_btn3-size-lg vc_btn3-shape-round vc_btn3-style-3d vc_btn3-color-success\" title=\"\" href=\"https:\/\/play.google.com\/store\/apps\/details?id=org.telegram.messenger&amp;hl=en\" target=\"_blank\" rel=\"nofollow noopener\">Google Play<\/a><\/div>\n<\/div>\n<\/div>\n<\/div>\n<div class=\"wpb_column vc_column_container vc_col-sm-6\"><\/div>\n<div class=\"wpb_column vc_column_container vc_col-sm-12\">\n<div class=\"vc_column-inner\">\n<div class=\"wpb_wrapper\">\n<h2 class=\"margin-top-0 margin-bottom-25\">Telegramm f\u00fcr PC:<\/h2>\n<\/div>\n<\/div>\n<\/div>\n<\/div>\n<div class=\"vc_row wpb_row vc_row-fluid\">\n<div class=\"wpb_column vc_column_container vc_col-sm-6\">\n<div class=\"vc_column-inner\">\n<div class=\"wpb_wrapper\">\n<div class=\"vc_btn3-container vc_btn3-inline\"><a class=\"vc_general vc_btn3 vc_btn3-size-lg vc_btn3-shape-round vc_btn3-style-3d vc_btn3-color-success\" title=\"\" href=\"https:\/\/desktop.telegram.org\/\" target=\"_blank\" rel=\"nofollow noopener\">Telegramm f\u00fcr PC<\/a><\/div>\n<div class=\"vc_btn3-container vc_btn3-inline\"><a class=\"vc_general vc_btn3 vc_btn3-size-lg vc_btn3-shape-round vc_btn3-style-3d vc_btn3-color-success\" title=\"\" href=\"https:\/\/web.telegram.org\" target=\"_blank\" rel=\"nofollow noopener\">Telegram WEB<\/a><\/div>\n<\/div>\n<\/div>\n<\/div>\n<div class=\"wpb_column vc_column_container vc_col-sm-6\"><\/div>\n<\/div>\n<div class=\"vc_row wpb_row vc_row-fluid\">\n<div class=\"wpb_column vc_column_container vc_col-sm-12\">\n<div class=\"vc_column-inner\">\n<div class=\"wpb_wrapper\">\n<h2 class=\"margin-top-0 margin-bottom-25\">Telegram plus<\/h2>\n<div class=\"vc_btn3-container vc_btn3-inline\"><a class=\"vc_general vc_btn3 vc_btn3-size-lg vc_btn3-shape-round vc_btn3-style-3d vc_btn3-color-success\" title=\"\" href=\"https:\/\/play.google.com\/store\/apps\/details?id=org.telegram.plus\" target=\"_blank\" rel=\"nofollow noopener\">Telegramm plus<\/a><\/div>\n<div class=\"vc_separator wpb_content_element vc_separator_align_center vc_sep_width_100 vc_sep_pos_align_center vc_separator_no_text vc_sep_color_grey\"><\/div>\n<\/div>\n<\/div>\n<\/div>\n<\/div>\n<footer class=\"entry-footer\"><\/footer>\n<p><!-- .entry-footer --><\/p>\n<\/div>\n<p>[\/et_pb_text][\/et_pb_column][\/et_pb_row][et_pb_row admin_label=&#8220;\u05e9\u05d5\u05e8\u05d4&#8220; make_fullwidth=&#8220;off&#8220; use_custom_width=&#8220;off&#8220; width_unit=&#8220;on&#8220; use_custom_gutter=&#8220;off&#8220; padding_mobile=&#8220;off&#8220; allow_player_pause=&#8220;off&#8220; parallax=&#8220;off&#8220; parallax_method=&#8220;off&#8220; make_equal=&#8220;off&#8220; parallax_1=&#8220;off&#8220; parallax_method_1=&#8220;off&#8220; column_padding_mobile=&#8220;on&#8220;][et_pb_column type=&#8220;4_4&#8243;][et_pb_text admin_label=&#8220;\u05d1\u05d0\u05e0\u05e8 2&#8243; background_layout=&#8220;light&#8220; text_orientation=&#8220;right&#8220; use_border_color=&#8220;off&#8220; border_color=&#8220;#ffffff&#8220; border_style=&#8220;solid&#8220;]<\/p>\n<div class='bannerContainer'><div class='banner'><\/div><\/div>\n<p>[\/et_pb_text][\/et_pb_column][\/et_pb_row][\/et_pb_section]<\/p>\n","protected":false},"excerpt":{"rendered":"<p>Die Telegram Messenger zum kostenlosen Download bei Android Hier k\u00f6nnen Sie die Telegram Messenger APP direkt auf Ihr Smartphone herunterladen! Wenn Sie ein Endoride-Ger\u00e4t haben, dr\u00fccken Sie die Google Play-Taste zum Herunterladen. Wenn Sie ein iPhone haben, klicken Sie zum Herunterladen auf die Schaltfl\u00e4che iTunes. Zus\u00e4tzlich gibt es eine Web-Version und ein Telegramm plus Version. [&hellip;]<\/p>\n","protected":false},"author":1,"featured_media":0,"parent":0,"menu_order":0,"comment_status":"closed","ping_status":"closed","template":"","meta":{"_acf_changed":false,"_yoast_wpseo_title":"Telegram Messenger - Telegram Group","_yoast_wpseo_metadesc":"Hier k\u00f6nnen Sie die Telegramm-App direkt auf Ihr Smartphone herunterladen! Wenn Sie ein Endoride-Ger\u00e4t haben, dr\u00fccken Sie die Google Play-Taste zum Herunterladen. Wenn Sie ein iPhone haben, klicken Sie zum Herunterladen auf die Schaltfl\u00e4che iTunes.","_et_pb_use_builder":"on","_et_pb_old_content":"","_et_gb_content_width":"","footnotes":""},"class_list":["post-112","page","type-page","status-publish","hentry"],"acf":[],"yoast_head":"<!-- This site is optimized with the Yoast SEO plugin v27.1.1 - https:\/\/yoast.com\/product\/yoast-seo-wordpress\/ -->\n<title>Telegram Messenger - Telegram Group<\/title>\n<meta name=\"description\" content=\"Hier k\u00f6nnen Sie die Telegramm-App direkt auf Ihr Smartphone herunterladen! Wenn Sie ein Endoride-Ger\u00e4t haben, dr\u00fccken Sie die Google Play-Taste zum Herunterladen. Wenn Sie ein iPhone haben, klicken Sie zum Herunterladen auf die Schaltfl\u00e4che iTunes.\" \/>\n<meta name=\"robots\" content=\"index, follow, max-snippet:-1, max-image-preview:large, max-video-preview:-1\" \/>\n<link rel=\"canonical\" href=\"https:\/\/telegram-group.com\/de\/telegram-messenger\/\" \/>\n<meta property=\"og:locale\" content=\"de_DE\" \/>\n<meta property=\"og:type\" content=\"article\" \/>\n<meta property=\"og:title\" content=\"Telegram Messenger - Telegram Group\" \/>\n<meta property=\"og:description\" content=\"Hier k\u00f6nnen Sie die Telegramm-App direkt auf Ihr Smartphone herunterladen! Wenn Sie ein Endoride-Ger\u00e4t haben, dr\u00fccken Sie die Google Play-Taste zum Herunterladen. Wenn Sie ein iPhone haben, klicken Sie zum Herunterladen auf die Schaltfl\u00e4che iTunes.\" \/>\n<meta property=\"og:url\" content=\"https:\/\/telegram-group.com\/de\/telegram-messenger\/\" \/>\n<meta property=\"og:site_name\" content=\"Telegram Group\" \/>\n<meta property=\"article:modified_time\" content=\"2019-04-16T10:48:52+00:00\" \/>\n<meta name=\"twitter:card\" content=\"summary_large_image\" \/>\n<meta name=\"twitter:label1\" content=\"Gesch\u00e4tzte Lesezeit\" \/>\n\t<meta name=\"twitter:data1\" content=\"1\u00a0Minute\" \/>\n<script type=\"application\/ld+json\" class=\"yoast-schema-graph\">{\"@context\":\"https:\/\/schema.org\",\"@graph\":[{\"@type\":\"WebPage\",\"@id\":\"https:\/\/telegram-group.com\/de\/telegram-messenger\/\",\"url\":\"https:\/\/telegram-group.com\/de\/telegram-messenger\/\",\"name\":\"Telegram Messenger - Telegram Group\",\"isPartOf\":{\"@id\":\"https:\/\/telegram-group.com\/de\/#website\"},\"datePublished\":\"2019-02-07T11:18:47+00:00\",\"dateModified\":\"2019-04-16T10:48:52+00:00\",\"description\":\"Hier k\u00f6nnen Sie die Telegramm-App direkt auf Ihr Smartphone herunterladen! Wenn Sie ein Endoride-Ger\u00e4t haben, dr\u00fccken Sie die Google Play-Taste zum Herunterladen. Wenn Sie ein iPhone haben, klicken Sie zum Herunterladen auf die Schaltfl\u00e4che iTunes.\",\"breadcrumb\":{\"@id\":\"https:\/\/telegram-group.com\/de\/telegram-messenger\/#breadcrumb\"},\"inLanguage\":\"de\",\"potentialAction\":[{\"@type\":\"ReadAction\",\"target\":[\"https:\/\/telegram-group.com\/de\/telegram-messenger\/\"]}]},{\"@type\":\"BreadcrumbList\",\"@id\":\"https:\/\/telegram-group.com\/de\/telegram-messenger\/#breadcrumb\",\"itemListElement\":[{\"@type\":\"ListItem\",\"position\":1,\"name\":\"Home\",\"item\":\"https:\/\/telegram-group.com\/de\/\"},{\"@type\":\"ListItem\",\"position\":2,\"name\":\"Telegram Messenger\"}]},{\"@type\":\"WebSite\",\"@id\":\"https:\/\/telegram-group.com\/de\/#website\",\"url\":\"https:\/\/telegram-group.com\/de\/\",\"name\":\"Telegram Group\",\"description\":\"Telegram-Links: Gruppen, Bot-Kan\u00e4le. T\u00e4glich aktualisieren! - Telegramgroepen\",\"potentialAction\":[{\"@type\":\"SearchAction\",\"target\":{\"@type\":\"EntryPoint\",\"urlTemplate\":\"https:\/\/telegram-group.com\/de\/?s={search_term_string}\"},\"query-input\":{\"@type\":\"PropertyValueSpecification\",\"valueRequired\":true,\"valueName\":\"search_term_string\"}}],\"inLanguage\":\"de\"}]}<\/script>\n<!-- \/ Yoast SEO plugin. -->","yoast_head_json":{"title":"Telegram Messenger - Telegram Group","description":"Hier k\u00f6nnen Sie die Telegramm-App direkt auf Ihr Smartphone herunterladen! Wenn Sie ein Endoride-Ger\u00e4t haben, dr\u00fccken Sie die Google Play-Taste zum Herunterladen. Wenn Sie ein iPhone haben, klicken Sie zum Herunterladen auf die Schaltfl\u00e4che iTunes.","robots":{"index":"index","follow":"follow","max-snippet":"max-snippet:-1","max-image-preview":"max-image-preview:large","max-video-preview":"max-video-preview:-1"},"canonical":"https:\/\/telegram-group.com\/de\/telegram-messenger\/","og_locale":"de_DE","og_type":"article","og_title":"Telegram Messenger - Telegram Group","og_description":"Hier k\u00f6nnen Sie die Telegramm-App direkt auf Ihr Smartphone herunterladen! Wenn Sie ein Endoride-Ger\u00e4t haben, dr\u00fccken Sie die Google Play-Taste zum Herunterladen. Wenn Sie ein iPhone haben, klicken Sie zum Herunterladen auf die Schaltfl\u00e4che iTunes.","og_url":"https:\/\/telegram-group.com\/de\/telegram-messenger\/","og_site_name":"Telegram Group","article_modified_time":"2019-04-16T10:48:52+00:00","twitter_card":"summary_large_image","twitter_misc":{"Gesch\u00e4tzte Lesezeit":"1\u00a0Minute"},"schema":{"@context":"https:\/\/schema.org","@graph":[{"@type":"WebPage","@id":"https:\/\/telegram-group.com\/de\/telegram-messenger\/","url":"https:\/\/telegram-group.com\/de\/telegram-messenger\/","name":"Telegram Messenger - Telegram Group","isPartOf":{"@id":"https:\/\/telegram-group.com\/de\/#website"},"datePublished":"2019-02-07T11:18:47+00:00","dateModified":"2019-04-16T10:48:52+00:00","description":"Hier k\u00f6nnen Sie die Telegramm-App direkt auf Ihr Smartphone herunterladen! Wenn Sie ein Endoride-Ger\u00e4t haben, dr\u00fccken Sie die Google Play-Taste zum Herunterladen. Wenn Sie ein iPhone haben, klicken Sie zum Herunterladen auf die Schaltfl\u00e4che iTunes.","breadcrumb":{"@id":"https:\/\/telegram-group.com\/de\/telegram-messenger\/#breadcrumb"},"inLanguage":"de","potentialAction":[{"@type":"ReadAction","target":["https:\/\/telegram-group.com\/de\/telegram-messenger\/"]}]},{"@type":"BreadcrumbList","@id":"https:\/\/telegram-group.com\/de\/telegram-messenger\/#breadcrumb","itemListElement":[{"@type":"ListItem","position":1,"name":"Home","item":"https:\/\/telegram-group.com\/de\/"},{"@type":"ListItem","position":2,"name":"Telegram Messenger"}]},{"@type":"WebSite","@id":"https:\/\/telegram-group.com\/de\/#website","url":"https:\/\/telegram-group.com\/de\/","name":"Telegram Group","description":"Telegram-Links: Gruppen, Bot-Kan\u00e4le. T\u00e4glich aktualisieren! - Telegramgroepen","potentialAction":[{"@type":"SearchAction","target":{"@type":"EntryPoint","urlTemplate":"https:\/\/telegram-group.com\/de\/?s={search_term_string}"},"query-input":{"@type":"PropertyValueSpecification","valueRequired":true,"valueName":"search_term_string"}}],"inLanguage":"de"}]}},"_links":{"self":[{"href":"https:\/\/telegram-group.com\/de\/wp-json\/wp\/v2\/pages\/112","targetHints":{"allow":["GET"]}}],"collection":[{"href":"https:\/\/telegram-group.com\/de\/wp-json\/wp\/v2\/pages"}],"about":[{"href":"https:\/\/telegram-group.com\/de\/wp-json\/wp\/v2\/types\/page"}],"author":[{"embeddable":true,"href":"https:\/\/telegram-group.com\/de\/wp-json\/wp\/v2\/users\/1"}],"replies":[{"embeddable":true,"href":"https:\/\/telegram-group.com\/de\/wp-json\/wp\/v2\/comments?post=112"}],"version-history":[{"count":0,"href":"https:\/\/telegram-group.com\/de\/wp-json\/wp\/v2\/pages\/112\/revisions"}],"wp:attachment":[{"href":"https:\/\/telegram-group.com\/de\/wp-json\/wp\/v2\/media?parent=112"}],"curies":[{"name":"wp","href":"https:\/\/api.w.org\/{rel}","templated":true}]}}